{"id":3701,"date":"2025-05-22T10:41:30","date_gmt":"2025-05-22T10:41:30","guid":{"rendered":"https:\/\/gestion.campus-mcmutual.com\/?post_type=product&#038;p=3701"},"modified":"2025-05-22T10:43:07","modified_gmt":"2025-05-22T10:43:07","slug":"nova-aplicacio-de-sinistralitat-dmc-digital","status":"publish","type":"product","link":"https:\/\/gestion.campus-mcmutual.com\/ca\/product\/nova-aplicacio-de-sinistralitat-dmc-digital\/","title":{"rendered":"Nova aplicaci\u00f3 de sinistralitat d&#8217;MC digital"},"content":{"rendered":"<p>Descobreix les noves funcionalitats disponibles a MC digital per a l&#8217;an\u00e0lisi i gesti\u00f3 de la sinistralitat: el Certificat de Sinistralitat, necessari per a licitacions i CAE, i l&#8217;Informe Gen\u00e8ric de Sinistralitat, que recull informaci\u00f3 fidedigna relativa a la sinistralitat per a la seva gesti\u00f3.<\/p>\n","protected":false},"excerpt":{"rendered":"<p>Descobreix les noves funcionalitats disponibles a MC digital per a l&#8217;an\u00e0lisi i gesti\u00f3 de la sinistralitat: el Certificat de Sinistralitat, necessari per a licitacions i CAE, i l&#8217;Informe Gen\u00e8ric de Sinistralitat, que recull informaci\u00f3 fidedigna relativa a la sinistralitat per a la seva gesti\u00f3.<\/p>\n","protected":false},"featured_media":2316,"template":"","meta":{"_acf_changed":false},"product_brand":[],"product_cat":[],"product_tag":[],"class_list":{"0":"post-3701","1":"product","2":"type-product","3":"status-publish","4":"has-post-thumbnail","7":"first","8":"instock","9":"virtual","10":"sold-individually","11":"purchasable","12":"product-type-simple"},"acf":[],"_links":{"self":[{"href":"https:\/\/gestion.campus-mcmutual.com\/ca\/wp-json\/wp\/v2\/product\/3701","targetHints":{"allow":["GET"]}}],"collection":[{"href":"https:\/\/gestion.campus-mcmutual.com\/ca\/wp-json\/wp\/v2\/product"}],"about":[{"href":"https:\/\/gestion.campus-mcmutual.com\/ca\/wp-json\/wp\/v2\/types\/product"}],"wp:featuredmedia":[{"embeddable":true,"href":"https:\/\/gestion.campus-mcmutual.com\/ca\/wp-json\/wp\/v2\/media\/2316"}],"wp:attachment":[{"href":"https:\/\/gestion.campus-mcmutual.com\/ca\/wp-json\/wp\/v2\/media?parent=3701"}],"wp:term":[{"taxonomy":"product_brand","embeddable":true,"href":"https:\/\/gestion.campus-mcmutual.com\/ca\/wp-json\/wp\/v2\/product_brand?post=3701"},{"taxonomy":"product_cat","embeddable":true,"href":"https:\/\/gestion.campus-mcmutual.com\/ca\/wp-json\/wp\/v2\/product_cat?post=3701"},{"taxonomy":"product_tag","embeddable":true,"href":"https:\/\/gestion.campus-mcmutual.com\/ca\/wp-json\/wp\/v2\/product_tag?post=3701"}],"curies":[{"name":"wp","href":"https:\/\/api.w.org\/{rel}","templated":true}]}}