{"id":3489,"date":"2024-11-29T07:35:47","date_gmt":"2024-11-29T07:35:47","guid":{"rendered":"https:\/\/gestion.campus-mcmutual.com\/?post_type=product&#038;p=3489"},"modified":"2025-04-04T02:00:37","modified_gmt":"2025-04-04T02:00:37","slug":"introduccio-al-sistema-delt-comunicats-dat-amb-baixa","status":"publish","type":"product","link":"https:\/\/gestion.campus-mcmutual.com\/ca\/product\/introduccio-al-sistema-delt-comunicats-dat-amb-baixa\/","title":{"rendered":"Introducci\u00f3 al Sistema Delt@ &#8211; Comunicats d&#8217;AT"},"content":{"rendered":"<p>Benvinguts al curs de formaci\u00f3 sobre el Sistema\u00a0Delt@, l&#8217;eina per a la declaraci\u00f3 d&#8217;accidents de treball a Espanya. A trav\u00e9s d&#8217;aquest curs, aprendrem com emplenar correctament un comunicat d&#8217;accident de treball amb baixa perqu\u00e8 pugui ser tramitat mitjan\u00e7ant el sistema\u00a0Delt@, aix\u00ed com les funcionalitats de suport a la tramitaci\u00f3 de parts de\u00a0MC\u00a0digital.<\/p>\n","protected":false},"excerpt":{"rendered":"<p>Benvinguts al curs de formaci\u00f3 sobre el Sistema\u00a0Delt@, l&#8217;eina per a la declaraci\u00f3 d&#8217;accidents de treball a Espanya. A trav\u00e9s d&#8217;aquest curs, aprendrem com emplenar correctament un comunicat d&#8217;accident de treball amb baixa perqu\u00e8 pugui ser tramitat mitjan\u00e7ant el sistema\u00a0Delt@, aix\u00ed com les funcionalitats de suport a la tramitaci\u00f3 de parts de\u00a0MC\u00a0digital.<\/p>\n","protected":false},"featured_media":2974,"template":"","meta":{"_acf_changed":false},"product_brand":[],"product_cat":[],"product_tag":[],"class_list":{"0":"post-3489","1":"product","2":"type-product","3":"status-publish","4":"has-post-thumbnail","7":"first","8":"instock","9":"virtual","10":"sold-individually","11":"purchasable","12":"product-type-simple"},"acf":[],"_links":{"self":[{"href":"https:\/\/gestion.campus-mcmutual.com\/ca\/wp-json\/wp\/v2\/product\/3489","targetHints":{"allow":["GET"]}}],"collection":[{"href":"https:\/\/gestion.campus-mcmutual.com\/ca\/wp-json\/wp\/v2\/product"}],"about":[{"href":"https:\/\/gestion.campus-mcmutual.com\/ca\/wp-json\/wp\/v2\/types\/product"}],"wp:featuredmedia":[{"embeddable":true,"href":"https:\/\/gestion.campus-mcmutual.com\/ca\/wp-json\/wp\/v2\/media\/2974"}],"wp:attachment":[{"href":"https:\/\/gestion.campus-mcmutual.com\/ca\/wp-json\/wp\/v2\/media?parent=3489"}],"wp:term":[{"taxonomy":"product_brand","embeddable":true,"href":"https:\/\/gestion.campus-mcmutual.com\/ca\/wp-json\/wp\/v2\/product_brand?post=3489"},{"taxonomy":"product_cat","embeddable":true,"href":"https:\/\/gestion.campus-mcmutual.com\/ca\/wp-json\/wp\/v2\/product_cat?post=3489"},{"taxonomy":"product_tag","embeddable":true,"href":"https:\/\/gestion.campus-mcmutual.com\/ca\/wp-json\/wp\/v2\/product_tag?post=3489"}],"curies":[{"name":"wp","href":"https:\/\/api.w.org\/{rel}","templated":true}]}}