{"id":3000,"date":"2021-05-17T10:13:20","date_gmt":"2021-05-17T10:13:20","guid":{"rendered":"https:\/\/gestion.campus-mcmutual.com\/inscripccion\/"},"modified":"2021-05-17T10:25:04","modified_gmt":"2021-05-17T10:25:04","slug":"inscripcio","status":"publish","type":"page","link":"https:\/\/gestion.campus-mcmutual.com\/ca\/inscripcio\/","title":{"rendered":"Inscripci\u00f3"},"content":{"rendered":"<p>[vc_row][vc_column][vc_custom_heading text=&#8221;Inscripci\u00f3&#8221; font_container=&#8221;tag:h2|font_size:30|text_align:justify|color:%23005c72|line_height:1.5&#8243; use_theme_fonts=&#8221;yes&#8221;][vc_separator color=&#8221;custom&#8221; align=&#8221;align_left&#8221; border_width=&#8221;3&#8243; el_width=&#8221;10&#8243; accent_color=&#8221;#fdc800&#8243;][\/vc_column][\/vc_row][vc_row][vc_column][vc_column_text]Per sol\u00b7licitar acc\u00e9s als cursos de Campus de Gesti\u00f3, o ampliar informaci\u00f3 sobre els mateixos, s&#8217;ha de posar en contacte amb l&#8217;oficina de MC MUTUAL de la seva localitat o prov\u00edncia, o b\u00e9 a trav\u00e9s del seg\u00fcent formulari.[\/vc_column_text][\/vc_column][\/vc_row][vc_row][vc_column]\n<div class=\"wpcf7 no-js\" id=\"wpcf7-f2989-o1\" lang=\"es-ES\" dir=\"ltr\" data-wpcf7-id=\"2989\">\n<div class=\"screen-reader-response\"><p role=\"status\" aria-live=\"polite\" aria-atomic=\"true\"><\/p> <ul><\/ul><\/div>\n<form action=\"\/ca\/wp-json\/wp\/v2\/pages\/3000#wpcf7-f2989-o1\" method=\"post\" class=\"wpcf7-form init\" aria-label=\"Formulario de contacto\" novalidate=\"novalidate\" data-status=\"init\">\n<fieldset class=\"hidden-fields-container\"><input type=\"hidden\" name=\"_wpcf7\" value=\"2989\" \/><input type=\"hidden\" name=\"_wpcf7_version\" value=\"6.1.5\" \/><input type=\"hidden\" name=\"_wpcf7_locale\" value=\"es_ES\" \/><input type=\"hidden\" name=\"_wpcf7_unit_tag\" value=\"wpcf7-f2989-o1\" \/><input type=\"hidden\" name=\"_wpcf7_container_post\" value=\"0\" \/><input type=\"hidden\" name=\"_wpcf7_posted_data_hash\" value=\"\" \/><input type=\"hidden\" name=\"_wpcf7_recaptcha_response\" value=\"\" \/>\n<\/fieldset>\n<div class=\"inscription-form\">\n\t<div class=\"row\">\n\t\t<div class=\"col-lg-6 col-md-6 col-sm-6\">\n\t\t\t<div class=\"form-group\">\n\t\t\t\t<p><label for=\"your-name\" class=\"d-none\">Nom<\/label><span class=\"wpcf7-form-control-wrap\" data-name=\"your-name\"><input size=\"40\" maxlength=\"400\" class=\"wpcf7-form-control wpcf7-text wpcf7-validates-as-required form-control\" id=\"your-name\" aria-required=\"true\" aria-invalid=\"false\" placeholder=\"Nom*\" value=\"\" type=\"text\" name=\"your-name\" \/><\/span>\n\t\t\t\t<\/p>\n\t\t\t<\/div>\n\t\t<\/div>\n\t\t<div class=\"col-lg-6 col-md-6 col-sm-6\">\n\t\t\t<div class=\"form-group\">\n\t\t\t\t<p><label for=\"your-surname\" class=\"d-none\">Cognoms<\/label><span class=\"wpcf7-form-control-wrap\" data-name=\"your-surname\"><input size=\"40\" maxlength=\"400\" class=\"wpcf7-form-control wpcf7-text wpcf7-validates-as-required form-control\" id=\"your-surname\" aria-required=\"true\" aria-invalid=\"false\" placeholder=\"Cognoms*\" value=\"\" type=\"text\" name=\"your-surname\" \/><\/span>\n\t\t\t\t<\/p>\n\t\t\t<\/div>\n\t\t<\/div>\n\t\t<div class=\"col-lg-6 col-md-6 col-sm-6\">\n\t\t\t<div class=\"form-group\">\n\t\t\t\t<p><label for=\"your-email\" class=\"d-none\">Email<\/label><span class=\"wpcf7-form-control-wrap\" data-name=\"your-email\"><input size=\"40\" maxlength=\"400\" class=\"wpcf7-form-control wpcf7-email wpcf7-validates-as-required wpcf7-text wpcf7-validates-as-email form-control\" id=\"your-email\" aria-required=\"true\" aria-invalid=\"false\" placeholder=\"Email*\" value=\"\" type=\"email\" name=\"your-email\" \/><\/span>\n\t\t\t\t<\/p>\n\t\t\t<\/div>\n\t\t<\/div>\n\t\t<div class=\"col-lg-6 col-md-6 col-sm-6\">\n\t\t\t<div class=\"form-group\">\n\t\t\t\t<p><label for=\"your-email2\" class=\"d-none\">Confirmi el seu email<\/label><span class=\"wpcf7-form-control-wrap\" data-name=\"your-email2\"><input size=\"40\" maxlength=\"400\" class=\"wpcf7-form-control wpcf7-email wpcf7-validates-as-required wpcf7-text wpcf7-validates-as-email form-control\" id=\"your-email2\" aria-required=\"true\" aria-invalid=\"false\" placeholder=\"Confirmi el seu email*\" value=\"\" type=\"email\" name=\"your-email2\" \/><\/span>\n\t\t\t\t<\/p>\n\t\t\t<\/div>\n\t\t<\/div>\n\t\t<div class=\"col-lg-6 col-md-6 col-sm-6\">\n\t\t\t<div class=\"form-group\">\n\t\t\t\t<p><label for=\"your-city\" class=\"d-none\">Ciutat<\/label><span class=\"wpcf7-form-control-wrap\" data-name=\"your-city\"><input size=\"40\" maxlength=\"400\" class=\"wpcf7-form-control wpcf7-text wpcf7-validates-as-required form-control\" id=\"your-city\" aria-required=\"true\" aria-invalid=\"false\" placeholder=\"Ciutat*\" value=\"\" type=\"text\" name=\"your-city\" \/><\/span>\n\t\t\t\t<\/p>\n\t\t\t<\/div>\n\t\t<\/div>\n\t\t<div class=\"col-lg-6 col-md-6 col-sm-6\">\n\t\t\t<div class=\"form-group\">\n\t\t\t\t<p><label for=\"your-province\" class=\"d-none\">Provincia<\/label><span class=\"wpcf7-form-control-wrap\" data-name=\"your-province\"><input size=\"40\" maxlength=\"400\" class=\"wpcf7-form-control wpcf7-text wpcf7-validates-as-required form-control\" id=\"your-province\" aria-required=\"true\" aria-invalid=\"false\" placeholder=\"Provincia*\" value=\"\" type=\"text\" name=\"your-province\" \/><\/span>\n\t\t\t\t<\/p>\n\t\t\t<\/div>\n\t\t<\/div>\n\t\t<div class=\"col-lg-6 col-md-6 col-sm-6\">\n\t\t\t<div class=\"form-group\">\n\t\t\t\t<p><label for=\"your-cif\" class=\"d-none\">CIF Empresa<\/label><span class=\"wpcf7-form-control-wrap\" data-name=\"your-cif\"><input size=\"40\" maxlength=\"400\" class=\"wpcf7-form-control wpcf7-text wpcf7-validates-as-required form-control\" id=\"your-cif\" aria-required=\"true\" aria-invalid=\"false\" placeholder=\"Empresa*\" value=\"\" type=\"text\" name=\"your-cif\" \/><\/span>\n\t\t\t\t<\/p>\n\t\t\t<\/div>\n\t\t<\/div>\n\t\t<div class=\"col-lg-6 col-md-6 col-sm-6\">\n\t\t\t<div class=\"form-group\">\n\t\t\t\t<p><label for=\"your-company\" class=\"d-none\">Empresa<\/label><span class=\"wpcf7-form-control-wrap\" data-name=\"your-company\"><input size=\"40\" maxlength=\"400\" class=\"wpcf7-form-control wpcf7-text wpcf7-validates-as-required form-control\" id=\"your-company\" aria-required=\"true\" aria-invalid=\"false\" placeholder=\"Empresa*\" value=\"\" type=\"text\" name=\"your-company\" \/><\/span>\n\t\t\t\t<\/p>\n\t\t\t<\/div>\n\t\t<\/div>\n\t\t<div class=\"col-lg-12 col-md-12 col-sm-12\">\n\t\t\t<div class=\"form-group\">\n\t\t\t\t<p><label for=\"your-courses\" class=\"d-none\">Cursos en els que est\u00e0 interessat\/da<\/label><span class=\"wpcf7-form-control-wrap\" data-name=\"your-courses\"><input size=\"40\" maxlength=\"400\" class=\"wpcf7-form-control wpcf7-text wpcf7-validates-as-required form-control\" id=\"your-courses\" aria-required=\"true\" aria-invalid=\"false\" placeholder=\"Cursos en els que est\u00e0 interessat\/da*\" value=\"\" type=\"text\" name=\"your-courses\" \/><\/span>\n\t\t\t\t<\/p>\n\t\t\t<\/div>\n\t\t<\/div>\n\t\t<div class=\"col-lg-12 col-md-12 col-sm-12\">\n\t\t\t<div class=\"form-group\">\n\t\t\t\t<p><label for=\"your-comments\" class=\"d-none\">Comentaris<\/label><span class=\"wpcf7-form-control-wrap\" data-name=\"your-comments\"><textarea cols=\"20\" rows=\"7\" maxlength=\"2000\" class=\"wpcf7-form-control wpcf7-textarea wpcf7-validates-as-required textarea form-control\" id=\"your-comments\" aria-required=\"true\" aria-invalid=\"false\" placeholder=\"Comentaris*\" name=\"your-comments\"><\/textarea><\/span>\n\t\t\t\t<\/p>\n\t\t\t<\/div>\n\t\t<\/div>\n\t\t<p><span class=\"wpcf7-form-control-wrap\" data-name=\"acceptance-349\"><span class=\"wpcf7-form-control wpcf7-acceptance\"><span class=\"wpcf7-list-item\"><label><input type=\"checkbox\" name=\"acceptance-349\" value=\"1\" aria-invalid=\"false\" \/><span class=\"wpcf7-list-item-label\">He le\u00eddo y acepto el <a target=\"_blank\" href=\"https:\/\/www.mc-mutual.com\/web\/mc-mutual\/aviso_legal\/\"> aviso legal <\/a> y las  <a target=\"_blank\" href=\"https:\/\/www.mc-mutual.com\/web\/mc-mutual\/privacidad\/\"> pol\u00edticas de privacidad <\/a><\/span><\/label><\/span><\/span><\/span>\n\t\t<\/p>\n\t\t<div class=\"col-lg-12 col-md-12 col-sm-12\">\n\t\t\t<p><input class=\"wpcf7-form-control wpcf7-submit has-spinner rdtheme-button-2\" type=\"submit\" value=\"Enviar\" \/>\n\t\t\t<\/p>\n\t\t<\/div>\n\t<\/div>\n<\/div><div class=\"wpcf7-response-output\" aria-hidden=\"true\"><\/div>\n<\/form>\n<\/div>\n[\/vc_column][\/vc_row]<\/p>\n","protected":false},"excerpt":{"rendered":"<p>[vc_row][vc_column][vc_custom_heading text=&#8221;Inscripci\u00f3&#8221; font_container=&#8221;tag:h2|font_size:30|text_align:justify|color:%23005c72|line_height:1.5&#8243; use_theme_fonts=&#8221;yes&#8221;][vc_separator color=&#8221;custom&#8221; align=&#8221;align_left&#8221; border_width=&#8221;3&#8243; el_width=&#8221;10&#8243; accent_color=&#8221;#fdc800&#8243;][\/vc_column][\/vc_row][vc_row][vc_column][vc_column_text]Per sol\u00b7licitar acc\u00e9s als cursos de Campus de Gesti\u00f3, o ampliar informaci\u00f3 sobre els mateixos, s&#8217;ha de posar en contacte amb l&#8217;oficina de MC MUTUAL de la seva localitat o prov\u00edncia, o b\u00e9 a trav\u00e9s del seg\u00fcent formulari.[\/vc_column_text][\/vc_column][\/vc_row][vc_row][vc_column][\/vc_column][\/vc_row]<\/p>\n","protected":false},"author":1,"featured_media":0,"parent":0,"menu_order":0,"comment_status":"closed","ping_status":"closed","template":"","meta":{"_acf_changed":false,"footnotes":""},"class_list":["post-3000","page","type-page","status-publish","hentry"],"acf":[],"_links":{"self":[{"href":"https:\/\/gestion.campus-mcmutual.com\/ca\/wp-json\/wp\/v2\/pages\/3000","targetHints":{"allow":["GET"]}}],"collection":[{"href":"https:\/\/gestion.campus-mcmutual.com\/ca\/wp-json\/wp\/v2\/pages"}],"about":[{"href":"https:\/\/gestion.campus-mcmutual.com\/ca\/wp-json\/wp\/v2\/types\/page"}],"author":[{"embeddable":true,"href":"https:\/\/gestion.campus-mcmutual.com\/ca\/wp-json\/wp\/v2\/users\/1"}],"replies":[{"embeddable":true,"href":"https:\/\/gestion.campus-mcmutual.com\/ca\/wp-json\/wp\/v2\/comments?post=3000"}],"version-history":[{"count":3,"href":"https:\/\/gestion.campus-mcmutual.com\/ca\/wp-json\/wp\/v2\/pages\/3000\/revisions"}],"predecessor-version":[{"id":3003,"href":"https:\/\/gestion.campus-mcmutual.com\/ca\/wp-json\/wp\/v2\/pages\/3000\/revisions\/3003"}],"wp:attachment":[{"href":"https:\/\/gestion.campus-mcmutual.com\/ca\/wp-json\/wp\/v2\/media?parent=3000"}],"curies":[{"name":"wp","href":"https:\/\/api.w.org\/{rel}","templated":true}]}}