{"id":2106,"date":"2017-09-20T09:19:08","date_gmt":"2017-09-20T09:19:08","guid":{"rendered":"https:\/\/pre.mc-mutual.3ip.eu\/home-1\/"},"modified":"2021-08-24T12:07:45","modified_gmt":"2021-08-24T12:07:45","slug":"home-1","status":"publish","type":"page","link":"https:\/\/gestion.campus-mcmutual.com\/ca\/","title":{"rendered":"Inici"},"content":{"rendered":"<p>[vc_row][vc_column][layerslider_vc id=&#8221;3&#8243;][\/vc_column][\/vc_row][vc_row full_width=&#8221;stretch_row&#8221; css=&#8221;.vc_custom_1629806862555{padding-top: 85px !important;padding-bottom: 100px !important;background-image: url(https:\/\/gestion.campus-mcmutual.com\/wp-content\/uploads\/2021\/02\/student4-9.jpg?id=2393) !important;background-position: center !important;background-repeat: no-repeat !important;background-size: cover !important;}&#8221; el_id=&#8221;accesoCampus&#8221;][vc_column width=&#8221;3\/4&#8243; offset=&#8221;vc_col-lg-6 vc_col-md-6&#8243;]<div class=\"rt-vc-text-title  style3\" style=\"\">\n\t\t\t<h2 class=\"rtin-title\">Benvingut al nostre Campus<\/h2>\n\t\t\t\t<p class=\"rtin-content\">MC MUTUAL et presenta una plataforma d&#8217;e-learning amb cursos sobre conceptes i noves normatives de la Seguretat Social aix\u00ed com les prestacions que gestionen les m\u00fatues.<\/p>\n<p>Mitjan\u00e7ant el Campus aprendr\u00e0s al teu ritme, sense necessitat d&#8217;assumir tecnologia pr\u00f2pia i podr\u00e0s resoldre tots aquells dubtes que se&#8217;t plantegin durant el curs o b\u00e9 posteriorment.<\/p>\n<p>Posem a la teva disposici\u00f3 eines per fer-te m\u00e9s f\u00e0cil el teu dia a dia laboral.<\/p>\n\t\t<\/div>[\/vc_column][vc_column width=&#8221;1\/4&#8243; offset=&#8221;vc_col-lg-6 vc_col-md-6&#8243;][\/vc_column][\/vc_row][vc_row][vc_column][\/vc_column][\/vc_row]<\/p>\n","protected":false},"excerpt":{"rendered":"<p>[vc_row][vc_column][layerslider_vc id=&#8221;3&#8243;][\/vc_column][\/vc_row][vc_row full_width=&#8221;stretch_row&#8221; css=&#8221;.vc_custom_1629806862555{padding-top: 85px !important;padding-bottom: 100px !important;background-image: url(https:\/\/gestion.campus-mcmutual.com\/wp-content\/uploads\/2021\/02\/student4-9.jpg?id=2393) !important;background-position: center !important;background-repeat: no-repeat !important;background-size: cover !important;}&#8221; el_id=&#8221;accesoCampus&#8221;][vc_column width=&#8221;3\/4&#8243; offset=&#8221;vc_col-lg-6 vc_col-md-6&#8243;][\/vc_column][vc_column width=&#8221;1\/4&#8243; offset=&#8221;vc_col-lg-6 vc_col-md-6&#8243;][\/vc_column][\/vc_row][vc_row][vc_column][\/vc_column][\/vc_row]<\/p>\n","protected":false},"author":1,"featured_media":0,"parent":0,"menu_order":0,"comment_status":"closed","ping_status":"closed","template":"","meta":{"_acf_changed":false,"footnotes":""},"class_list":["post-2106","page","type-page","status-publish","hentry"],"acf":[],"_links":{"self":[{"href":"https:\/\/gestion.campus-mcmutual.com\/ca\/wp-json\/wp\/v2\/pages\/2106","targetHints":{"allow":["GET"]}}],"collection":[{"href":"https:\/\/gestion.campus-mcmutual.com\/ca\/wp-json\/wp\/v2\/pages"}],"about":[{"href":"https:\/\/gestion.campus-mcmutual.com\/ca\/wp-json\/wp\/v2\/types\/page"}],"author":[{"embeddable":true,"href":"https:\/\/gestion.campus-mcmutual.com\/ca\/wp-json\/wp\/v2\/users\/1"}],"replies":[{"embeddable":true,"href":"https:\/\/gestion.campus-mcmutual.com\/ca\/wp-json\/wp\/v2\/comments?post=2106"}],"version-history":[{"count":17,"href":"https:\/\/gestion.campus-mcmutual.com\/ca\/wp-json\/wp\/v2\/pages\/2106\/revisions"}],"predecessor-version":[{"id":3166,"href":"https:\/\/gestion.campus-mcmutual.com\/ca\/wp-json\/wp\/v2\/pages\/2106\/revisions\/3166"}],"wp:attachment":[{"href":"https:\/\/gestion.campus-mcmutual.com\/ca\/wp-json\/wp\/v2\/media?parent=2106"}],"curies":[{"name":"wp","href":"https:\/\/api.w.org\/{rel}","templated":true}]}}